{"id":778,"date":"2019-12-11T18:12:54","date_gmt":"2019-12-11T17:12:54","guid":{"rendered":"http:\/\/ladroitenouvelle.fr\/?page_id=778"},"modified":"2024-04-16T16:28:03","modified_gmt":"2024-04-16T14:28:03","slug":"mentions-legales","status":"publish","type":"page","link":"https:\/\/laveyronpourtous.fr\/index.php\/mentions-legales\/","title":{"rendered":"Mentions l\u00e9gales"},"content":{"rendered":"\n<p><strong>Editeur<\/strong><br>L&#8217;Aveyron pour tous                                                                                                  24 RUE DES SOURCES DU VIAUR <br> 12780 VEZINS-DE-LEVEZOU  <\/p>\n\n\n\n<p><strong>H\u00e9bergeur<\/strong><br>OVH<br>2 rue Kellermann<br>59100 Roubaix \u2013 France<br>T\u00e9l : + 33 (0)820 32 03 63\n\n<\/p>\n\n\n\n<p><strong>Droits d\u2019auteur<\/strong><br>En application du Code fran\u00e7ais de la Propri\u00e9t\u00e9 Intellectuelle et, plus g\u00e9n\u00e9ralement, des trait\u00e9s et accords internationaux comportant des dispositions relatives \u00e0 la protection des droits d\u2019auteurs, vous vous interdirez, pour un usage autre que priv\u00e9, de reproduire, de vendre, de distribuer, d\u2019\u00e9mettre, de diffuser, d\u2019adapter, de modifier, de publier, et de communiquer int\u00e9gralement ou partiellement, sous quelque forme que ce soit, les donn\u00e9es, la pr\u00e9sentation ou l\u2019organisation du site ou les \u0153uvres prot\u00e9g\u00e9es par le droit d\u2019auteur qui figurent sur le site Web \u00a0\u00ab www.laveyronpourtous.fr \u00bb \u00a0 sans autorisation \u00e9crite particuli\u00e8re et pr\u00e9alable du d\u00e9tenteur du droit d\u2019auteur attach\u00e9 \u00e0 l\u2019\u0153uvre, \u00e0 la pr\u00e9sentation ou \u00e0 l\u2019organisation du site ou \u00e0 la donn\u00e9e reproduite.<\/p>\n\n\n\n<p><strong>Donn\u00e9es personnelles<\/strong><br>Les informations collect\u00e9es sont destin\u00e9es uniquement \u00e0 l\u2019usage du site internet laveyronpourtous.fr. Conform\u00e9ment \u00e0 la loi du 6 janvier 1978, relative \u00e0 l\u2019informatique, aux fichiers et aux libert\u00e9s, vous disposez d\u2019un droit d\u2019acc\u00e8s, de modification, de rectification et de suppression, pour toute information vous concernant en vous adressant \u00e0 <\/p>\n\n\n\n<p><strong>D\u00e9charge de responsabit\u00e9s<\/strong><\/p>\n\n\n\n<p>L&#8217;Aveyron pour tous n\u2019est tenu que d\u2019une simple obligation de moyens concernant les informations qu\u2019il met \u00e0 disposition des personnes qui acc\u00e8dent \u00e0 son site Web. Alors m\u00eame qu\u2019il a effectu\u00e9 toutes les d\u00e9marches pour s\u2019assurer de la fiabilit\u00e9 des informations contenues sur ce site Web, La Droite Nouvelle ne peut encourir aucune responsabilit\u00e9 du fait d\u2019erreurs, d\u2019omissions, ou pour les r\u00e9sultats qui pourraient \u00eatre obtenus par l\u2019usage de ces informations. Notamment, l\u2019usage de liens hypertextes peut conduire votre consultation de son site vers d\u2019autres serveurs pour prendre connaissance de l\u2019information recherch\u00e9e, serveurs sur lesquels La Droite Nouvelle\u00a0n\u2019a aucun contr\u00f4le.<\/p>\n\n\n\n<p><strong>MENTIONS RELATIVES AUX COOKIES<\/strong><\/p>\n\n\n\n<p><em>Qu\u2019est-ce qu\u2019un cookie et \u00e0 quoi sert-il ?<\/em><\/p>\n\n\n\n<p>Un cookie (ou t\u00e9moin de connexion) est un fichier texte susceptible d\u2019\u00eatre enregistr\u00e9, sous r\u00e9serve de vos choix, dans un espace d\u00e9di\u00e9 du disque dur de votre terminal (ordinateur, tablette \u2026) \u00e0 l\u2019occasion de la consultation d\u2019un service en ligne gr\u00e2ce \u00e0 votre logiciel de navigation.<br>Il est transmis par le serveur d\u2019un site internet \u00e0 votre navigateur. A chaque cookie est attribu\u00e9 un identifiant anonyme. Le fichier cookie permet \u00e0 son \u00e9metteur d\u2019identifier le terminal dans lequel il est enregistr\u00e9 pendant la dur\u00e9e de validit\u00e9 ou d\u2019enregistrement du cookie concern\u00e9. Un cookie ne permet pas de remonter \u00e0 une personne physique.<br>Lorsque vous consultez le site laveyronpourtous.fr, nous pouvons \u00eatre amen\u00e9s \u00e0 installer, sous r\u00e9serve de votre choix, diff\u00e9rents cookies.<\/p>\n\n\n\n<p><em>Cookies de Statistiques Google Analytics<\/em><\/p>\n\n\n\n<p>Ces cookies permettent d\u2019\u00e9tablir des statistiques de fr\u00e9quentation du site arnaudviala.fr&nbsp;et de d\u00e9tecter des probl\u00e8mes de navigation afin de suivre et d\u2019am\u00e9liorer la qualit\u00e9 de nos services.<\/p>\n\n\n\n<p><em>les cookies de partage des r\u00e9seaux sociaux<\/em><\/p>\n\n\n\n<p>Sur certaines pages de laveyronpourtous.fr figurent des boutons ou modules de r\u00e9seaux sociaux tiers qui vous permettent d\u2019exploiter les fonctionnalit\u00e9s de ces r\u00e9seaux et en particulier de partager des contenus pr\u00e9sents sur le site\u00a0avec d\u2019autres personnes.<br>Lorsque vous vous rendez sur une page internet sur laquelle se trouve un de ces boutons ou modules, votre navigateur peut envoyer des informations au r\u00e9seau social qui peut alors associer cette visualisation \u00e0 votre profil.<\/p>\n\n\n\n<p>Des cookies des r\u00e9seaux sociaux, dont nous n\u2019avons pas la ma\u00eetrise, peuvent \u00eatre alors \u00eatre d\u00e9pos\u00e9s dans votre navigateur par ces r\u00e9seaux. Nous vous invitons \u00e0 consulter les politiques de confidentialit\u00e9 propres \u00e0 chacun de ces sites de r\u00e9seaux sociaux, afin de prendre connaissance des finalit\u00e9s d\u2019utilisation des informations de navigation que peuvent recueillir les r\u00e9seaux sociaux gr\u00e2ce \u00e0 ces boutons et modules.<\/p>\n","protected":false},"excerpt":{"rendered":"<p>EditeurL&#8217;Aveyron pour tous 24 RUE DES SOURCES DU VIAUR 12780 VEZINS-DE-LEVEZOU H\u00e9bergeurOVH2 rue Kellermann59100 Roubaix \u2013 FranceT\u00e9l : + 33 (0)820 32 03 63 Droits d\u2019auteurEn application du Code fran\u00e7ais de la Propri\u00e9t\u00e9 Intellectuelle et, plus g\u00e9n\u00e9ralement, des trait\u00e9s et accords internationaux comportant des dispositions relatives \u00e0 la protection des [&hellip;]<\/p>\n","protected":false},"author":1,"featured_media":0,"parent":0,"menu_order":0,"comment_status":"closed","ping_status":"closed","template":"","meta":{"footnotes":""},"_links":{"self":[{"href":"https:\/\/laveyronpourtous.fr\/index.php\/wp-json\/wp\/v2\/pages\/778"}],"collection":[{"href":"https:\/\/laveyronpourtous.fr\/index.php\/wp-json\/wp\/v2\/pages"}],"about":[{"href":"https:\/\/laveyronpourtous.fr\/index.php\/wp-json\/wp\/v2\/types\/page"}],"author":[{"embeddable":true,"href":"https:\/\/laveyronpourtous.fr\/index.php\/wp-json\/wp\/v2\/users\/1"}],"replies":[{"embeddable":true,"href":"https:\/\/laveyronpourtous.fr\/index.php\/wp-json\/wp\/v2\/comments?post=778"}],"version-history":[{"count":5,"href":"https:\/\/laveyronpourtous.fr\/index.php\/wp-json\/wp\/v2\/pages\/778\/revisions"}],"predecessor-version":[{"id":878,"href":"https:\/\/laveyronpourtous.fr\/index.php\/wp-json\/wp\/v2\/pages\/778\/revisions\/878"}],"wp:attachment":[{"href":"https:\/\/laveyronpourtous.fr\/index.php\/wp-json\/wp\/v2\/media?parent=778"}],"curies":[{"name":"wp","href":"https:\/\/api.w.org\/{rel}","templated":true}]}}