{"id":9,"date":"2019-06-11T15:21:08","date_gmt":"2019-06-11T13:21:08","guid":{"rendered":"http:\/\/ladroitenouvelle.fr\/?page_id=9"},"modified":"2024-04-17T10:11:39","modified_gmt":"2024-04-17T08:11:39","slug":"a-propos-de","status":"publish","type":"page","link":"https:\/\/laveyronpourtous.fr\/index.php\/a-propos-de\/","title":{"rendered":""},"content":{"rendered":"\n<hr class=\"wp-block-separator\"\/>\n\n\n<p style=\"text-align: center;\"><span style=\"color: #33c285;\"><strong><span style=\"vertical-align: inherit;\"><span style=\"vertical-align: inherit;\"><span style=\"vertical-align: inherit;\"><span style=\"vertical-align: inherit;\"><span style=\"vertical-align: inherit;\"><span style=\"vertical-align: inherit;\">Ce mouvement a pour projet de faire na\u00eetre un nouveau d\u00e9bat politique sur le territoire local, en partant du d\u00e9partement de l&#8217;Aveyron, dans l&#8217;objectif d&#8217;un d\u00e9veloppement sur le territoire national, dans le respect des valeurs de la droite et du centre r\u00e9publicains, s&#8217;appuyant sur la n\u00e9cessaire \u00e9volution des pratiques afin de mettre en place une alternative politique dans un esprit de renouveau et de modernit\u00e9.<\/span><\/span><\/span><\/span><\/span><\/span><\/strong><\/span><\/p>\n\n\n<hr class=\"wp-block-separator\"\/>\n\n\n\n<h2 class=\"wp-block-heading\" style=\"text-align:center\"><strong><span style=\"text-decoration: underline;\">Les Membres Fondateurs<\/span><\/strong><\/h2>\n","protected":false},"excerpt":{"rendered":"<p>Ce mouvement a pour projet de faire na\u00eetre un nouveau d\u00e9bat politique sur le territoire local, en partant du d\u00e9partement de l&#8217;Aveyron, dans l&#8217;objectif d&#8217;un d\u00e9veloppement sur le territoire national, dans le respect des valeurs de la droite et du centre r\u00e9publicains, s&#8217;appuyant sur la n\u00e9cessaire \u00e9volution des pratiques afin [&hellip;]<\/p>\n","protected":false},"author":1,"featured_media":0,"parent":0,"menu_order":0,"comment_status":"closed","ping_status":"closed","template":"","meta":{"footnotes":""},"_links":{"self":[{"href":"https:\/\/laveyronpourtous.fr\/index.php\/wp-json\/wp\/v2\/pages\/9"}],"collection":[{"href":"https:\/\/laveyronpourtous.fr\/index.php\/wp-json\/wp\/v2\/pages"}],"about":[{"href":"https:\/\/laveyronpourtous.fr\/index.php\/wp-json\/wp\/v2\/types\/page"}],"author":[{"embeddable":true,"href":"https:\/\/laveyronpourtous.fr\/index.php\/wp-json\/wp\/v2\/users\/1"}],"replies":[{"embeddable":true,"href":"https:\/\/laveyronpourtous.fr\/index.php\/wp-json\/wp\/v2\/comments?post=9"}],"version-history":[{"count":43,"href":"https:\/\/laveyronpourtous.fr\/index.php\/wp-json\/wp\/v2\/pages\/9\/revisions"}],"predecessor-version":[{"id":888,"href":"https:\/\/laveyronpourtous.fr\/index.php\/wp-json\/wp\/v2\/pages\/9\/revisions\/888"}],"wp:attachment":[{"href":"https:\/\/laveyronpourtous.fr\/index.php\/wp-json\/wp\/v2\/media?parent=9"}],"curies":[{"name":"wp","href":"https:\/\/api.w.org\/{rel}","templated":true}]}}